{"id":238,"date":"2023-10-22T15:13:32","date_gmt":"2023-10-22T13:13:32","guid":{"rendered":"https:\/\/creachriss.net\/?post_type=product&#038;p=238"},"modified":"2024-07-08T17:03:49","modified_gmt":"2024-07-08T15:03:49","slug":"albums-cadre-souvenirs-nouveau-nee","status":"publish","type":"product","link":"https:\/\/creachriss.net\/index.php\/product\/albums-cadre-souvenirs-nouveau-nee\/","title":{"rendered":"Souvenirs enfants"},"content":{"rendered":"<p>En panne d&rsquo;inspiration pour une id\u00e9e cadeau ? L&rsquo;album cadre est fait pour vous ! Sur la partie droite, glisser-y une photo 10&#215;15 et sur la partie gauche, coller vos 6 photos sur le livret accord\u00e9on pr\u00e9vu \u00e0 cet effet.<\/p>\n<p>Album cartonn\u00e9 recouvert de papier. La partie de gauche est ferm\u00e9e par des pastilles velcro. Fermeture de l&rsquo;album avec un ruban. Possibilit\u00e9 de le personnaliser selon vos envies par moi ou par vos soins.<\/p>\n<p>Peut contenir jusqu&rsquo;\u00e0 7 photos.<\/p>\n<p>Dimensions : 19 x 14 x 5 x 2,5<\/p>\n<p>Photos non incluses.<\/p>\n","protected":false},"excerpt":{"rendered":"<p>En panne d&rsquo;inspiration pour une id\u00e9e cadeau ? L&rsquo;album cadre est fait pour vous ! Sur la partie droite, glisser-y une photo 10&#215;15 et sur la partie gauche, coller vos photos sur le papier d\u00e9pliant.<\/p>\n","protected":false},"featured_media":1448,"comment_status":"open","ping_status":"closed","template":"","meta":{"om_disable_all_campaigns":false,"_monsterinsights_skip_tracking":false,"_monsterinsights_sitenote_active":false,"_monsterinsights_sitenote_note":"","_monsterinsights_sitenote_category":0,"site-sidebar-layout":"default","site-content-layout":"","ast-site-content-layout":"default","site-content-style":"default","site-sidebar-style":"default","ast-global-header-display":"","ast-banner-title-visibility":"","ast-main-header-display":"","ast-hfb-above-header-display":"","ast-hfb-below-header-display":"","ast-hfb-mobile-header-display":"","site-post-title":"","ast-breadcrumbs-content":"","ast-featured-img":"","footer-sml-layout":"","theme-transparent-header-meta":"default","adv-header-id-meta":"","stick-header-meta":"","header-above-stick-meta":"","header-main-stick-meta":"","header-below-stick-meta":"","astra-migrate-meta-layouts":"set","ast-page-background-enabled":"default","ast-page-background-meta":{"desktop":{"background-color":"var(--ast-global-color-4)","background-image":"","background-repeat":"repeat","background-position":"center center","background-size":"auto","background-attachment":"scroll","background-type":"","background-media":"","overlay-type":"","overlay-color":"","overlay-opacity":"","overlay-gradient":""},"tablet":{"background-color":"","background-image":"","background-repeat":"repeat","background-position":"center center","background-size":"auto","background-attachment":"scroll","background-type":"","background-media":"","overlay-type":"","overlay-color":"","overlay-opacity":"","overlay-gradient":""},"mobile":{"background-color":"","background-image":"","background-repeat":"repeat","background-position":"center center","background-size":"auto","background-attachment":"scroll","background-type":"","background-media":"","overlay-type":"","overlay-color":"","overlay-opacity":"","overlay-gradient":""}},"ast-content-background-meta":{"desktop":{"background-color":"var(--ast-global-color-5)","background-image":"","background-repeat":"repeat","background-position":"center center","background-size":"auto","background-attachment":"scroll","background-type":"","background-media":"","overlay-type":"","overlay-color":"","overlay-opacity":"","overlay-gradient":""},"tablet":{"background-color":"var(--ast-global-color-5)","background-image":"","background-repeat":"repeat","background-position":"center center","background-size":"auto","background-attachment":"scroll","background-type":"","background-media":"","overlay-type":"","overlay-color":"","overlay-opacity":"","overlay-gradient":""},"mobile":{"background-color":"var(--ast-global-color-5)","background-image":"","background-repeat":"repeat","background-position":"center center","background-size":"auto","background-attachment":"scroll","background-type":"","background-media":"","overlay-type":"","overlay-color":"","overlay-opacity":"","overlay-gradient":""}},"_themeisle_gutenberg_block_has_review":false},"product_brand":[],"product_cat":[37],"product_tag":[31,30],"class_list":{"0":"post-238","1":"product","2":"type-product","3":"status-publish","4":"has-post-thumbnail","6":"product_cat-album-cadre","7":"product_tag-photos","8":"product_tag-pochette","9":"product_shipping_class-colis-lourds","10":"desktop-align-left","11":"tablet-align-left","12":"mobile-align-left","14":"first","15":"instock","16":"taxable","17":"shipping-taxable","18":"purchasable","19":"product-type-simple"},"aioseo_notices":[],"jetpack_sharing_enabled":true,"_links":{"self":[{"href":"https:\/\/creachriss.net\/index.php\/wp-json\/wp\/v2\/product\/238","targetHints":{"allow":["GET"]}}],"collection":[{"href":"https:\/\/creachriss.net\/index.php\/wp-json\/wp\/v2\/product"}],"about":[{"href":"https:\/\/creachriss.net\/index.php\/wp-json\/wp\/v2\/types\/product"}],"replies":[{"embeddable":true,"href":"https:\/\/creachriss.net\/index.php\/wp-json\/wp\/v2\/comments?post=238"}],"wp:featuredmedia":[{"embeddable":true,"href":"https:\/\/creachriss.net\/index.php\/wp-json\/wp\/v2\/media\/1448"}],"wp:attachment":[{"href":"https:\/\/creachriss.net\/index.php\/wp-json\/wp\/v2\/media?parent=238"}],"wp:term":[{"taxonomy":"product_brand","embeddable":true,"href":"https:\/\/creachriss.net\/index.php\/wp-json\/wp\/v2\/product_brand?post=238"},{"taxonomy":"product_cat","embeddable":true,"href":"https:\/\/creachriss.net\/index.php\/wp-json\/wp\/v2\/product_cat?post=238"},{"taxonomy":"product_tag","embeddable":true,"href":"https:\/\/creachriss.net\/index.php\/wp-json\/wp\/v2\/product_tag?post=238"}],"curies":[{"name":"wp","href":"https:\/\/api.w.org\/{rel}","templated":true}]}}