{"id":2353,"date":"2025-11-10T20:20:09","date_gmt":"2025-11-10T19:20:09","guid":{"rendered":"https:\/\/creachriss.net\/?post_type=product&#038;p=2353"},"modified":"2025-11-10T20:22:17","modified_gmt":"2025-11-10T19:22:17","slug":"poinsettia-en-rouge-et-noir","status":"publish","type":"product","link":"https:\/\/creachriss.net\/index.php\/product\/poinsettia-en-rouge-et-noir\/","title":{"rendered":"Poinsettia en rouge et noir"},"content":{"rendered":"<p>Joyeux No\u00ebl<\/p>\n<div id=\"docs-chrome\" class=\"docs-material companion-enabled\" tabindex=\"0\" role=\"banner\" aria-label=\"Barre de menus\">\n<div id=\"docs-header-container\">\n<div id=\"docs-header\" class=\"\">\n<div id=\"docs-titlebar-container\" class=\"docs-branding-spreadsheets docs-grille-gm3\">\n<div id=\"docs-titlebar\">\n<p>La fermeture se fait avec 3 aimants.<\/p>\n<p>Elle est r\u00e9alis\u00e9e avec du papier kraft de 200gr, du papier paillet\u00e9 dor\u00e9 et du papier quadrill\u00e9 rouge et noir. Le devant de la pochette est d\u00e9cor\u00e9 avec du ruban rouge. La fleur est r\u00e9alis\u00e9e avec du papier paillet\u00e9 dor\u00e9, 1 perle rouge et 2 perles dor\u00e9es. Joyeux No\u00ebl est en vinyle noir.<\/p>\n<p>Dimensions en cm : 19 x 9 x 1<\/p>\n<\/div>\n<\/div>\n<\/div>\n<\/div>\n<\/div>\n","protected":false},"excerpt":{"rendered":"<p>De quoi glisser un billet ou un petit mot.<\/p>\n","protected":false},"featured_media":2352,"comment_status":"open","ping_status":"closed","template":"","meta":{"om_disable_all_campaigns":false,"_monsterinsights_skip_tracking":false,"_monsterinsights_sitenote_active":false,"_monsterinsights_sitenote_note":"","_monsterinsights_sitenote_category":0,"site-sidebar-layout":"default","site-content-layout":"","ast-site-content-layout":"default","site-content-style":"default","site-sidebar-style":"default","ast-global-header-display":"","ast-banner-title-visibility":"","ast-main-header-display":"","ast-hfb-above-header-display":"","ast-hfb-below-header-display":"","ast-hfb-mobile-header-display":"","site-post-title":"","ast-breadcrumbs-content":"","ast-featured-img":"","footer-sml-layout":"","theme-transparent-header-meta":"default","adv-header-id-meta":"","stick-header-meta":"","header-above-stick-meta":"","header-main-stick-meta":"","header-below-stick-meta":"","astra-migrate-meta-layouts":"set","ast-page-background-enabled":"default","ast-page-background-meta":{"desktop":{"background-color":"var(--ast-global-color-4)","background-image":"","background-repeat":"repeat","background-position":"center center","background-size":"auto","background-attachment":"scroll","background-type":"","background-media":"","overlay-type":"","overlay-color":"","overlay-opacity":"","overlay-gradient":""},"tablet":{"background-color":"","background-image":"","background-repeat":"repeat","background-position":"center center","background-size":"auto","background-attachment":"scroll","background-type":"","background-media":"","overlay-type":"","overlay-color":"","overlay-opacity":"","overlay-gradient":""},"mobile":{"background-color":"","background-image":"","background-repeat":"repeat","background-position":"center center","background-size":"auto","background-attachment":"scroll","background-type":"","background-media":"","overlay-type":"","overlay-color":"","overlay-opacity":"","overlay-gradient":""}},"ast-content-background-meta":{"desktop":{"background-color":"var(--ast-global-color-5)","background-image":"","background-repeat":"repeat","background-position":"center center","background-size":"auto","background-attachment":"scroll","background-type":"","background-media":"","overlay-type":"","overlay-color":"","overlay-opacity":"","overlay-gradient":""},"tablet":{"background-color":"var(--ast-global-color-5)","background-image":"","background-repeat":"repeat","background-position":"center center","background-size":"auto","background-attachment":"scroll","background-type":"","background-media":"","overlay-type":"","overlay-color":"","overlay-opacity":"","overlay-gradient":""},"mobile":{"background-color":"var(--ast-global-color-5)","background-image":"","background-repeat":"repeat","background-position":"center center","background-size":"auto","background-attachment":"scroll","background-type":"","background-media":"","overlay-type":"","overlay-color":"","overlay-opacity":"","overlay-gradient":""}},"_themeisle_gutenberg_block_has_review":false},"product_brand":[],"product_cat":[51],"product_tag":[],"class_list":{"0":"post-2353","1":"product","2":"type-product","3":"status-publish","4":"has-post-thumbnail","6":"product_cat-noel","7":"desktop-align-left","8":"tablet-align-left","9":"mobile-align-left","11":"first","12":"instock","13":"taxable","14":"shipping-taxable","15":"purchasable","16":"product-type-simple"},"aioseo_notices":[],"jetpack_sharing_enabled":true,"_links":{"self":[{"href":"https:\/\/creachriss.net\/index.php\/wp-json\/wp\/v2\/product\/2353","targetHints":{"allow":["GET"]}}],"collection":[{"href":"https:\/\/creachriss.net\/index.php\/wp-json\/wp\/v2\/product"}],"about":[{"href":"https:\/\/creachriss.net\/index.php\/wp-json\/wp\/v2\/types\/product"}],"replies":[{"embeddable":true,"href":"https:\/\/creachriss.net\/index.php\/wp-json\/wp\/v2\/comments?post=2353"}],"wp:featuredmedia":[{"embeddable":true,"href":"https:\/\/creachriss.net\/index.php\/wp-json\/wp\/v2\/media\/2352"}],"wp:attachment":[{"href":"https:\/\/creachriss.net\/index.php\/wp-json\/wp\/v2\/media?parent=2353"}],"wp:term":[{"taxonomy":"product_brand","embeddable":true,"href":"https:\/\/creachriss.net\/index.php\/wp-json\/wp\/v2\/product_brand?post=2353"},{"taxonomy":"product_cat","embeddable":true,"href":"https:\/\/creachriss.net\/index.php\/wp-json\/wp\/v2\/product_cat?post=2353"},{"taxonomy":"product_tag","embeddable":true,"href":"https:\/\/creachriss.net\/index.php\/wp-json\/wp\/v2\/product_tag?post=2353"}],"curies":[{"name":"wp","href":"https:\/\/api.w.org\/{rel}","templated":true}]}}