{"id":2103,"date":"2025-02-02T17:52:33","date_gmt":"2025-02-02T16:52:33","guid":{"rendered":"https:\/\/creachriss.net\/?post_type=product&#038;p=2103"},"modified":"2025-02-02T18:07:17","modified_gmt":"2025-02-02T17:07:17","slug":"vacances-a-la-mer","status":"publish","type":"product","link":"https:\/\/creachriss.net\/index.php\/product\/vacances-a-la-mer\/","title":{"rendered":"Vacances \u00e0 la mer"},"content":{"rendered":"<p>Album cartonn\u00e9 sur le th\u00e8me de la mer comportant des ouvertures \u00e0 gauche, \u00e0 droite et en haut .<br \/>\nFermeture de l&rsquo;album par un ruban bleu.<br \/>\nLes pages int\u00e9rieures sont en papier blanc de 200gr et 300gr.<br \/>\nDeux emplacements photos ont des fermetures aimant\u00e9es et les autres des fermetures avec du ruban bleu.<\/p>\n<p>Dimensions : 20,5\/18,5\/5,5<\/p>\n<p>Cet album peut comporter jusqu&rsquo;\u00e0 50 photos au format 10&#215;15 (10 en portrait, 28 en portrait ou paysage, 12 en paysage).<\/p>\n<p>La tranche peut \u00eatre personnalis\u00e9e \u00e0 votre go\u00fbt, n&rsquo;h\u00e9sitez pas \u00e0 me contacter pour plus d&rsquo;informations.<\/p>\n<p>Photos non incluses.<\/p>\n","protected":false},"excerpt":{"rendered":"<p>Album cartonn\u00e9 sur le th\u00e8me de la mer comportant des ouvertures \u00e0 gauche, \u00e0 droite et en haut . Fermeture de l&rsquo;album par un ruban bleu. Les pages int\u00e9rieures sont en papier blanc de 200gr et 300gr. Deux emplacements photos ont des fermetures aimant\u00e9es et les autres des fermetures avec du ruban bleu. Dimensions : [&hellip;]<\/p>\n","protected":false},"featured_media":2120,"comment_status":"open","ping_status":"closed","template":"","meta":{"om_disable_all_campaigns":false,"_monsterinsights_skip_tracking":false,"_monsterinsights_sitenote_active":false,"_monsterinsights_sitenote_note":"","_monsterinsights_sitenote_category":0,"site-sidebar-layout":"default","site-content-layout":"","ast-site-content-layout":"default","site-content-style":"default","site-sidebar-style":"default","ast-global-header-display":"","ast-banner-title-visibility":"","ast-main-header-display":"","ast-hfb-above-header-display":"","ast-hfb-below-header-display":"","ast-hfb-mobile-header-display":"","site-post-title":"","ast-breadcrumbs-content":"","ast-featured-img":"","footer-sml-layout":"","theme-transparent-header-meta":"default","adv-header-id-meta":"","stick-header-meta":"","header-above-stick-meta":"","header-main-stick-meta":"","header-below-stick-meta":"","astra-migrate-meta-layouts":"set","ast-page-background-enabled":"default","ast-page-background-meta":{"desktop":{"background-color":"var(--ast-global-color-4)","background-image":"","background-repeat":"repeat","background-position":"center center","background-size":"auto","background-attachment":"scroll","background-type":"","background-media":"","overlay-type":"","overlay-color":"","overlay-opacity":"","overlay-gradient":""},"tablet":{"background-color":"","background-image":"","background-repeat":"repeat","background-position":"center center","background-size":"auto","background-attachment":"scroll","background-type":"","background-media":"","overlay-type":"","overlay-color":"","overlay-opacity":"","overlay-gradient":""},"mobile":{"background-color":"","background-image":"","background-repeat":"repeat","background-position":"center center","background-size":"auto","background-attachment":"scroll","background-type":"","background-media":"","overlay-type":"","overlay-color":"","overlay-opacity":"","overlay-gradient":""}},"ast-content-background-meta":{"desktop":{"background-color":"var(--ast-global-color-5)","background-image":"","background-repeat":"repeat","background-position":"center center","background-size":"auto","background-attachment":"scroll","background-type":"","background-media":"","overlay-type":"","overlay-color":"","overlay-opacity":"","overlay-gradient":""},"tablet":{"background-color":"var(--ast-global-color-5)","background-image":"","background-repeat":"repeat","background-position":"center center","background-size":"auto","background-attachment":"scroll","background-type":"","background-media":"","overlay-type":"","overlay-color":"","overlay-opacity":"","overlay-gradient":""},"mobile":{"background-color":"var(--ast-global-color-5)","background-image":"","background-repeat":"repeat","background-position":"center center","background-size":"auto","background-attachment":"scroll","background-type":"","background-media":"","overlay-type":"","overlay-color":"","overlay-opacity":"","overlay-gradient":""}},"_themeisle_gutenberg_block_has_review":false},"product_brand":[],"product_cat":[42],"product_tag":[],"class_list":{"0":"post-2103","1":"product","2":"type-product","3":"status-publish","4":"has-post-thumbnail","6":"product_cat-album","7":"product_shipping_class-colis-lourds","8":"desktop-align-left","9":"tablet-align-left","10":"mobile-align-left","12":"first","13":"instock","14":"taxable","15":"shipping-taxable","16":"purchasable","17":"product-type-simple"},"aioseo_notices":[],"jetpack_sharing_enabled":true,"_links":{"self":[{"href":"https:\/\/creachriss.net\/index.php\/wp-json\/wp\/v2\/product\/2103","targetHints":{"allow":["GET"]}}],"collection":[{"href":"https:\/\/creachriss.net\/index.php\/wp-json\/wp\/v2\/product"}],"about":[{"href":"https:\/\/creachriss.net\/index.php\/wp-json\/wp\/v2\/types\/product"}],"replies":[{"embeddable":true,"href":"https:\/\/creachriss.net\/index.php\/wp-json\/wp\/v2\/comments?post=2103"}],"wp:featuredmedia":[{"embeddable":true,"href":"https:\/\/creachriss.net\/index.php\/wp-json\/wp\/v2\/media\/2120"}],"wp:attachment":[{"href":"https:\/\/creachriss.net\/index.php\/wp-json\/wp\/v2\/media?parent=2103"}],"wp:term":[{"taxonomy":"product_brand","embeddable":true,"href":"https:\/\/creachriss.net\/index.php\/wp-json\/wp\/v2\/product_brand?post=2103"},{"taxonomy":"product_cat","embeddable":true,"href":"https:\/\/creachriss.net\/index.php\/wp-json\/wp\/v2\/product_cat?post=2103"},{"taxonomy":"product_tag","embeddable":true,"href":"https:\/\/creachriss.net\/index.php\/wp-json\/wp\/v2\/product_tag?post=2103"}],"curies":[{"name":"wp","href":"https:\/\/api.w.org\/{rel}","templated":true}]}}