{"id":1380,"date":"2024-06-23T12:10:17","date_gmt":"2024-06-23T10:10:17","guid":{"rendered":"https:\/\/creachriss.net\/?post_type=product&#038;p=1380"},"modified":"2024-06-29T16:35:10","modified_gmt":"2024-06-29T14:35:10","slug":"boite-cadeau-secret-garden","status":"publish","type":"product","link":"https:\/\/creachriss.net\/index.php\/product\/boite-cadeau-secret-garden\/","title":{"rendered":"Bo\u00eete cadeau \u00ab\u00a0Secret garden\u00a0\u00bb"},"content":{"rendered":"<p>Un cadeau qui aura son petit effet explosif !<\/p>\n<p>Bo\u00eete \u00e0 1 ouverture r\u00e9alis\u00e9e avec du papier de la collection \u00ab\u00a0les ateliers de karine\u00a0\u00bb.<\/p>\n<p>Elle dispose de 2 emplacements photos au format 8&#215;8 et 2 pochettes pour y mettre un petit mot, une autre photo ou 1 petit billet.<\/p>\n<p>La plante est une esp\u00e8ce de succulente (Echeveria).<\/p>\n<p>Dimensions en cm : 9,5&#215;9,5&#215;9,5<\/p>\n<p>(images non incluses)<\/p>\n","protected":false},"excerpt":{"rendered":"<p>Un cadeau qui aura son petit effet explosif !<\/p>\n","protected":false},"featured_media":1386,"comment_status":"open","ping_status":"closed","template":"","meta":{"om_disable_all_campaigns":false,"_monsterinsights_skip_tracking":false,"_monsterinsights_sitenote_active":false,"_monsterinsights_sitenote_note":"","_monsterinsights_sitenote_category":0,"site-sidebar-layout":"default","site-content-layout":"","ast-site-content-layout":"default","site-content-style":"default","site-sidebar-style":"default","ast-global-header-display":"","ast-banner-title-visibility":"","ast-main-header-display":"","ast-hfb-above-header-display":"","ast-hfb-below-header-display":"","ast-hfb-mobile-header-display":"","site-post-title":"","ast-breadcrumbs-content":"","ast-featured-img":"","footer-sml-layout":"","theme-transparent-header-meta":"default","adv-header-id-meta":"","stick-header-meta":"","header-above-stick-meta":"","header-main-stick-meta":"","header-below-stick-meta":"","astra-migrate-meta-layouts":"set","ast-page-background-enabled":"default","ast-page-background-meta":{"desktop":{"background-color":"var(--ast-global-color-4)","background-image":"","background-repeat":"repeat","background-position":"center center","background-size":"auto","background-attachment":"scroll","background-type":"","background-media":"","overlay-type":"","overlay-color":"","overlay-opacity":"","overlay-gradient":""},"tablet":{"background-color":"","background-image":"","background-repeat":"repeat","background-position":"center center","background-size":"auto","background-attachment":"scroll","background-type":"","background-media":"","overlay-type":"","overlay-color":"","overlay-opacity":"","overlay-gradient":""},"mobile":{"background-color":"","background-image":"","background-repeat":"repeat","background-position":"center center","background-size":"auto","background-attachment":"scroll","background-type":"","background-media":"","overlay-type":"","overlay-color":"","overlay-opacity":"","overlay-gradient":""}},"ast-content-background-meta":{"desktop":{"background-color":"var(--ast-global-color-5)","background-image":"","background-repeat":"repeat","background-position":"center center","background-size":"auto","background-attachment":"scroll","background-type":"","background-media":"","overlay-type":"","overlay-color":"","overlay-opacity":"","overlay-gradient":""},"tablet":{"background-color":"var(--ast-global-color-5)","background-image":"","background-repeat":"repeat","background-position":"center center","background-size":"auto","background-attachment":"scroll","background-type":"","background-media":"","overlay-type":"","overlay-color":"","overlay-opacity":"","overlay-gradient":""},"mobile":{"background-color":"var(--ast-global-color-5)","background-image":"","background-repeat":"repeat","background-position":"center center","background-size":"auto","background-attachment":"scroll","background-type":"","background-media":"","overlay-type":"","overlay-color":"","overlay-opacity":"","overlay-gradient":""}},"_themeisle_gutenberg_block_has_review":false},"product_brand":[],"product_cat":[47],"product_tag":[59,60],"class_list":{"0":"post-1380","1":"product","2":"type-product","3":"status-publish","4":"has-post-thumbnail","6":"product_cat-boite-a-explosion","7":"product_tag-boite","8":"product_tag-explosion","9":"product_shipping_class-colis-lourds","10":"desktop-align-left","11":"tablet-align-left","12":"mobile-align-left","14":"first","15":"instock","16":"taxable","17":"shipping-taxable","18":"purchasable","19":"product-type-simple"},"aioseo_notices":[],"jetpack_sharing_enabled":true,"_links":{"self":[{"href":"https:\/\/creachriss.net\/index.php\/wp-json\/wp\/v2\/product\/1380","targetHints":{"allow":["GET"]}}],"collection":[{"href":"https:\/\/creachriss.net\/index.php\/wp-json\/wp\/v2\/product"}],"about":[{"href":"https:\/\/creachriss.net\/index.php\/wp-json\/wp\/v2\/types\/product"}],"replies":[{"embeddable":true,"href":"https:\/\/creachriss.net\/index.php\/wp-json\/wp\/v2\/comments?post=1380"}],"wp:featuredmedia":[{"embeddable":true,"href":"https:\/\/creachriss.net\/index.php\/wp-json\/wp\/v2\/media\/1386"}],"wp:attachment":[{"href":"https:\/\/creachriss.net\/index.php\/wp-json\/wp\/v2\/media?parent=1380"}],"wp:term":[{"taxonomy":"product_brand","embeddable":true,"href":"https:\/\/creachriss.net\/index.php\/wp-json\/wp\/v2\/product_brand?post=1380"},{"taxonomy":"product_cat","embeddable":true,"href":"https:\/\/creachriss.net\/index.php\/wp-json\/wp\/v2\/product_cat?post=1380"},{"taxonomy":"product_tag","embeddable":true,"href":"https:\/\/creachriss.net\/index.php\/wp-json\/wp\/v2\/product_tag?post=1380"}],"curies":[{"name":"wp","href":"https:\/\/api.w.org\/{rel}","templated":true}]}}